{"id":776,"date":"2019-06-20T14:29:28","date_gmt":"2019-06-20T14:29:28","guid":{"rendered":"https:\/\/2019.panamacity.wordcamp.org\/?page_id=776"},"modified":"2019-07-11T14:51:00","modified_gmt":"2019-07-11T14:51:00","slug":"que-es-un-wordcamp","status":"publish","type":"page","link":"https:\/\/panamacity.wordcamp.org\/2019\/que-es-un-wordcamp\/","title":{"rendered":"\u00bfQu\u00e9 es un WordCamp?"},"content":{"rendered":"\n<p><a href=\"https:\/\/central.wordcamp.org\/about\/\">WordCamp<\/a>\u00a0es una conferencia de 2 d\u00edas de duraci\u00f3n, decenas de charlas, talleres, y eventos de networking, enfocada en todo lo relacionado con WordPress.<\/p>\n\n\n\n<p>Las WordCamps son eventos organizados por y para la comunidad, que unen a usuarios de WordPress: desde el desarrollador, programador, dise\u00f1ador hasta el usuario casual, todos participan, comparten ideas y se conocen.<\/p>\n\n\n\n<figure class=\"wp-block-image\"><img loading=\"lazy\" decoding=\"async\" width=\"1024\" height=\"684\" src=\"https:\/\/2019.panamacity.wordcamp.org\/files\/2019\/07\/wordcamp-europe-2018-3-1024x684.jpg\" alt=\"\" class=\"wp-image-954\" srcset=\"https:\/\/panamacity.wordcamp.org\/2019\/files\/2019\/07\/wordcamp-europe-2018-3.jpg 1024w, https:\/\/panamacity.wordcamp.org\/2019\/files\/2019\/07\/wordcamp-europe-2018-3-300x200.jpg 300w, https:\/\/panamacity.wordcamp.org\/2019\/files\/2019\/07\/wordcamp-europe-2018-3-768x513.jpg 768w, https:\/\/panamacity.wordcamp.org\/2019\/files\/2019\/07\/wordcamp-europe-2018-3-449x300.jpg 449w, https:\/\/panamacity.wordcamp.org\/2019\/files\/2019\/07\/wordcamp-europe-2018-3-1000x668.jpg 1000w\" sizes=\"auto, (max-width: 1024px) 100vw, 1024px\" \/><figcaption>WordCamp Europe 2018<\/figcaption><\/figure>\n\n\n\n<p>Cada WordCamp es distinta, basada en las comunidades locales que las crean pero, en general, las WordCamps incluyen sesiones en las que aprender a\u00a0usar WordPress de manera m\u00e1s eficaz, c\u00f3mo empezar un blog, c\u00f3mo crear un negocio con WordPress, c\u00f3mo empezar a desarrollar temas y plugins, t\u00e9cnicas avanzadas, seguridad y muchas m\u00e1s. Si quieres tener una mejor idea del tipo de sesiones que se ven en las WordCamps, visita el <a href=\"https:\/\/wordpress.tv\/category\/wordcamptv\/\">canal WordCamp de <strong>WordPress.tv<\/strong><\/a>.<\/p>\n\n\n\n<p>A las WordCamps asiste gente que va desde nuevos blogueros a desarrolladores, due\u00f1os de negocios y consultores profesionales, normalmente se combinan tanto agendas programadas como sesiones de \u201cdesconferencias\u201d y otro tipo de actividades. Para m\u00e1s informaci\u00f3n sobre su contenido echa un vistazo a <a href=\"https:\/\/central.wordcamp.org\/what-to-expect\/\">lo que puedes esperar de una WordCamp<\/a>.<\/p>\n\n\n\n<figure class=\"wp-block-image\"><img loading=\"lazy\" decoding=\"async\" width=\"1024\" height=\"683\" src=\"https:\/\/2019.panamacity.wordcamp.org\/files\/2019\/07\/wordcamp-europe-2018-1024x683.jpg\" alt=\"\" class=\"wp-image-955\" srcset=\"https:\/\/panamacity.wordcamp.org\/2019\/files\/2019\/07\/wordcamp-europe-2018.jpg 1024w, https:\/\/panamacity.wordcamp.org\/2019\/files\/2019\/07\/wordcamp-europe-2018-300x200.jpg 300w, https:\/\/panamacity.wordcamp.org\/2019\/files\/2019\/07\/wordcamp-europe-2018-768x512.jpg 768w, https:\/\/panamacity.wordcamp.org\/2019\/files\/2019\/07\/wordcamp-europe-2018-450x300.jpg 450w, https:\/\/panamacity.wordcamp.org\/2019\/files\/2019\/07\/wordcamp-europe-2018-1000x667.jpg 1000w\" sizes=\"auto, (max-width: 1024px) 100vw, 1024px\" \/><figcaption>WordCamp Europe 2018<\/figcaption><\/figure>\n\n\n\n<p>La primera WordCamp la organiz\u00f3 en San Francisco Matt Mullenweg en 2006, y desde entonces las comunidades locales de todo el mundo han organizado cientos de ellas.<\/p>\n\n\n\n<p>Puedes leer m\u00e1s sobre sobre c\u00f3mo organizamos un WordCamp y qu\u00e9 es, <a href=\"https:\/\/2019.panamacity.wordcamp.org\/como-se-organiza-el-wordcamp\/\">en este enlace<\/a>. <strong>\u00a1Bienvenidos a WordCamp Ciudad de Panam\u00e1!<\/strong><\/p>\n\n\n\n<div class=\"wp-block-image\"><figure class=\"aligncenter is-resized\"><img loading=\"lazy\" decoding=\"async\" src=\"https:\/\/2019.panamacity.wordcamp.org\/files\/2019\/06\/Montuno-Wapuu-02-final-medium.jpg\" alt=\"\" class=\"wp-image-503\" width=\"373\" height=\"373\" srcset=\"https:\/\/panamacity.wordcamp.org\/2019\/files\/2019\/06\/Montuno-Wapuu-02-final-medium.jpg 600w, https:\/\/panamacity.wordcamp.org\/2019\/files\/2019\/06\/Montuno-Wapuu-02-final-medium-150x150.jpg 150w, https:\/\/panamacity.wordcamp.org\/2019\/files\/2019\/06\/Montuno-Wapuu-02-final-medium-300x300.jpg 300w\" sizes=\"auto, (max-width: 373px) 100vw, 373px\" \/><figcaption>Wappu Montuno<\/figcaption><\/figure><\/div>\n","protected":false},"excerpt":{"rendered":"<p>WordCamp\u00a0es una conferencia de 2 d\u00edas de duraci\u00f3n, decenas de charlas, talleres, y eventos de networking, enfocada en todo lo relacionado con WordPress. Las WordCamps son eventos organizados por y para la comunidad, que unen a usuarios de WordPress: desde &hellip; <a href=\"https:\/\/panamacity.wordcamp.org\/2019\/que-es-un-wordcamp\/\">Sigue leyendo <span class=\"assistive-text\">\u00bfQu\u00e9 es un WordCamp?<\/span>  <span class=\"meta-nav\">&rarr;<\/span><\/a><\/p>\n","protected":false},"author":6756710,"featured_media":0,"parent":0,"menu_order":0,"comment_status":"closed","ping_status":"closed","template":"","meta":{"jetpack_post_was_ever_published":false,"footnotes":""},"class_list":["post-776","page","type-page","status-publish","hentry"],"jetpack_sharing_enabled":true,"jetpack_shortlink":"https:\/\/wp.me\/PaIve4-cw","_links":{"self":[{"href":"https:\/\/panamacity.wordcamp.org\/2019\/wp-json\/wp\/v2\/pages\/776","targetHints":{"allow":["GET"]}}],"collection":[{"href":"https:\/\/panamacity.wordcamp.org\/2019\/wp-json\/wp\/v2\/pages"}],"about":[{"href":"https:\/\/panamacity.wordcamp.org\/2019\/wp-json\/wp\/v2\/types\/page"}],"author":[{"embeddable":true,"href":"https:\/\/panamacity.wordcamp.org\/2019\/wp-json\/wp\/v2\/users\/6756710"}],"replies":[{"embeddable":true,"href":"https:\/\/panamacity.wordcamp.org\/2019\/wp-json\/wp\/v2\/comments?post=776"}],"version-history":[{"count":12,"href":"https:\/\/panamacity.wordcamp.org\/2019\/wp-json\/wp\/v2\/pages\/776\/revisions"}],"predecessor-version":[{"id":960,"href":"https:\/\/panamacity.wordcamp.org\/2019\/wp-json\/wp\/v2\/pages\/776\/revisions\/960"}],"wp:attachment":[{"href":"https:\/\/panamacity.wordcamp.org\/2019\/wp-json\/wp\/v2\/media?parent=776"}],"curies":[{"name":"wp","href":"https:\/\/api.w.org\/{rel}","templated":true}]}}