{"id":396,"date":"2019-06-05T23:46:18","date_gmt":"2019-06-05T23:46:18","guid":{"rendered":"https:\/\/2019.panamacity.wordcamp.org\/?page_id=396"},"modified":"2019-06-06T00:51:09","modified_gmt":"2019-06-06T00:51:09","slug":"hoteles","status":"publish","type":"page","link":"https:\/\/panamacity.wordcamp.org\/2019\/hoteles\/","title":{"rendered":"Hoteles"},"content":{"rendered":"\n<p>Hay todo tipo de hoteles, cercanos, mediante UBER, sistema de Metrobus y Taxi.   Desde el equipo de organizaci\u00f3n queremos ofrecerles una lista de hoteles para todos aquellos que necesiten alojamiento para el fin de semana. <\/p>\n\n\n\n<p>Intentaremos conseguir descuentos y precios especiales para los asistentes. <\/p>\n\n\n\n<pre class=\"wp-block-code\"><code><div class=\"googlemaps\">\n\t\t\t\t<iframe loading=\"lazy\" width=\"100\" height=\"500\" frameborder=\"0\" scrolling=\"no\" marginheight=\"0\" marginwidth=\"0\"  src=\"https:\/\/www.google.com\/maps\/embed?pb=!1m16!1m12!1m3!1d63046.008056446626!2d-79.55069274172783!3d9.029468463268126!2m3!1f0!2f0!3f0!3m2!1i1024!2i768!4f13.1!2m1!1sHoteles!5e0!3m2!1ses-419!2spa!4v1559778273038!5m2!1ses-419!2spa\"><\/iframe>\n\t\t\t<\/div><\/code><\/pre>\n\n\n\n<h2 class=\"wp-block-heading\">Estas son algunas recomendaciones<\/h2>\n\n\n\n<table class=\"wp-block-table is-style-regular\"><tbody><tr><td>Hotel<\/td><td>Costo por noche<\/td><td>Web<\/td><\/tr><tr><td>DoubleTree by Hilton<\/td><td>$58.00<\/td><td> <a href=\"http:\/\/doubletree3.hilton.com\/en\/hotels\/panama\/doubletree-by-hilton-hotel-panama-city-el-carmen-PTYDTDI\/index.html?SEO_id=GMB-DT-PTYDTDI\" target=\"_blank\" rel=\"noreferrer noopener\" aria-label=\" (opens in a new tab)\">Ir<\/a><\/td><\/tr><tr><td>Hyatt Place Panama<\/td><td>$52.00<\/td><td><a href=\"https:\/\/www.hyatt.com\/en-US\/hotel\/panama\/hyatt-place-panama-city-downtown\/ptyzp?src=corp_lclb_gmb_seo_latam_ptyzp\" target=\"_blank\" rel=\"noreferrer noopener\" aria-label=\" (opens in a new tab)\">Ir<\/a><\/td><\/tr><tr><td>Central Park Hotel <\/td><td>$45.00<\/td><td><a href=\"https:\/\/maps.google.com\/maps?gl=pa&amp;hl=es&amp;um=1&amp;ie=UTF-8&amp;fb=1&amp;sa=X&amp;geocode=KaMT5vpnqKyPMVzSiUb4jMMI&amp;daddr=Central+Park+Hotel+Casino+%26+Spa,+Avenida+Miguel+A.+Brostella+300b,+Panama+City\" target=\"_blank\" rel=\"noreferrer noopener\" aria-label=\" (opens in a new tab)\">Ir<\/a><\/td><\/tr><\/tbody><\/table>\n\n\n\n<p>Los precios que mostramos corresponden a las fechas de Octubre de 2019 y son tarifas aproximadas.  Tome en cuenta que pueden diferir de acuerdo a la disponibilidad de cada hotel.  Haga su reservaci\u00f3n con tiempo suficiente.<\/p>\n\n\n\n<p>Puedes revisar su ubicaci\u00f3n y su relaci\u00f3n con otros puntos importantes de la ciudad y el evento, en el mapa al inicio de la p\u00e1gina.<\/p>\n\n\n\n<p><\/p>\n","protected":false},"excerpt":{"rendered":"<p>Hay todo tipo de hoteles, cercanos, mediante UBER, sistema de Metrobus y Taxi. Desde el equipo de organizaci\u00f3n queremos ofrecerles una lista de hoteles para todos aquellos que necesiten alojamiento para el fin de semana. Intentaremos conseguir descuentos y precios &hellip; <a href=\"https:\/\/panamacity.wordcamp.org\/2019\/hoteles\/\">Sigue leyendo <span class=\"assistive-text\">Hoteles<\/span>  <span class=\"meta-nav\">&rarr;<\/span><\/a><\/p>\n","protected":false},"author":16269090,"featured_media":0,"parent":0,"menu_order":0,"comment_status":"closed","ping_status":"closed","template":"","meta":{"jetpack_post_was_ever_published":false,"footnotes":""},"class_list":["post-396","page","type-page","status-publish","hentry"],"jetpack_sharing_enabled":true,"jetpack_shortlink":"https:\/\/wp.me\/PaIve4-6o","_links":{"self":[{"href":"https:\/\/panamacity.wordcamp.org\/2019\/wp-json\/wp\/v2\/pages\/396","targetHints":{"allow":["GET"]}}],"collection":[{"href":"https:\/\/panamacity.wordcamp.org\/2019\/wp-json\/wp\/v2\/pages"}],"about":[{"href":"https:\/\/panamacity.wordcamp.org\/2019\/wp-json\/wp\/v2\/types\/page"}],"author":[{"embeddable":true,"href":"https:\/\/panamacity.wordcamp.org\/2019\/wp-json\/wp\/v2\/users\/16269090"}],"replies":[{"embeddable":true,"href":"https:\/\/panamacity.wordcamp.org\/2019\/wp-json\/wp\/v2\/comments?post=396"}],"version-history":[{"count":11,"href":"https:\/\/panamacity.wordcamp.org\/2019\/wp-json\/wp\/v2\/pages\/396\/revisions"}],"predecessor-version":[{"id":428,"href":"https:\/\/panamacity.wordcamp.org\/2019\/wp-json\/wp\/v2\/pages\/396\/revisions\/428"}],"wp:attachment":[{"href":"https:\/\/panamacity.wordcamp.org\/2019\/wp-json\/wp\/v2\/media?parent=396"}],"curies":[{"name":"wp","href":"https:\/\/api.w.org\/{rel}","templated":true}]}}