{"id":384,"date":"2019-06-05T22:48:33","date_gmt":"2019-06-05T22:48:33","guid":{"rendered":"https:\/\/2019.panamacity.wordcamp.org\/?page_id=384"},"modified":"2019-08-09T21:31:28","modified_gmt":"2019-08-09T21:31:28","slug":"panama","status":"publish","type":"page","link":"https:\/\/panamacity.wordcamp.org\/2019\/panama\/","title":{"rendered":"Panam\u00e1"},"content":{"rendered":"\n<p>Ciudad de Panam\u00e1, la capital de Panam\u00e1, es una ciudad moderna enmarcada por el oc\u00e9ano Pac\u00edfico y el Canal de Panam\u00e1 artificial. El Casco Viejo, su centro hist\u00f3rico con adoquines, es famoso por sus sitios de la \u00e9poca colonial, como el Palacio Presidencial neocl\u00e1sico y las plazas llenas de buganvilias con caf\u00e9s y bares. Desde las Esclusas de Miraflores se pueden ver las naves que cruzan el canal, una ruta comercial esencial que une el Atl\u00e1ntico y el Pac\u00edfico.<\/p>\n\n\n\n<figure class=\"wp-block-image\"><img decoding=\"async\" src=\"https:\/\/visitpanama.com\/wp-content\/uploads\/2018\/02\/panama2.jpg\" alt=\"Ciudad de Panam\u00e1 de noche.  Fuente: www.visitpanama.com\" \/><\/figure>\n\n\n\n<p>El Canal de Panam\u00e1 te asombrar\u00e1 con su ingenier\u00eda y su relevancia en la econom\u00eda mundial. Si buscas realizar tus compras, Panam\u00e1 te ofrece una amplia gama de centros comerciales, con excelentes ofertas en sus mercanc\u00edas.<\/p>\n\n\n\n<div class=\"wp-block-columns has-2-columns is-layout-flex wp-container-core-columns-is-layout-9d6595d7 wp-block-columns-is-layout-flex\">\n<div class=\"wp-block-column is-layout-flow wp-block-column-is-layout-flow\">\n<div class=\"wp-block-button\"><a class=\"wp-block-button__link has-text-color has-very-light-gray-color has-background has-vivid-cyan-blue-background-color\" href=\"http:\/\/www.visitpanama.com\/wp-content\/uploads\/2018\/03\/Mapa-VisitPanama-PanamaCity.jpg\">Mapa Tur\u00edstico<\/a><\/div>\n<\/div>\n\n\n\n<div class=\"wp-block-column is-layout-flow wp-block-column-is-layout-flow\">\n<div class=\"wp-block-button alignright\"><a class=\"wp-block-button__link has-background has-vivid-green-cyan-background-color\" href=\"http:\/\/www.visitpanama.com\/wp-content\/uploads\/2018\/03\/Panama.pdf\">Sobre Panam\u00e1<\/a><\/div>\n<\/div>\n<\/div>\n","protected":false},"excerpt":{"rendered":"<p>Ciudad de Panam\u00e1, la capital de Panam\u00e1, es una ciudad moderna enmarcada por el oc\u00e9ano Pac\u00edfico y el Canal de Panam\u00e1 artificial. El Casco Viejo, su centro hist\u00f3rico con adoquines, es famoso por sus sitios de la \u00e9poca colonial, como &hellip; <a href=\"https:\/\/panamacity.wordcamp.org\/2019\/panama\/\">Sigue leyendo <span class=\"assistive-text\">Panam\u00e1<\/span>  <span class=\"meta-nav\">&rarr;<\/span><\/a><\/p>\n","protected":false},"author":16269090,"featured_media":0,"parent":0,"menu_order":0,"comment_status":"closed","ping_status":"closed","template":"","meta":{"jetpack_post_was_ever_published":false,"footnotes":""},"class_list":["post-384","page","type-page","status-publish","hentry"],"jetpack_sharing_enabled":true,"jetpack_shortlink":"https:\/\/wp.me\/PaIve4-6c","_links":{"self":[{"href":"https:\/\/panamacity.wordcamp.org\/2019\/wp-json\/wp\/v2\/pages\/384","targetHints":{"allow":["GET"]}}],"collection":[{"href":"https:\/\/panamacity.wordcamp.org\/2019\/wp-json\/wp\/v2\/pages"}],"about":[{"href":"https:\/\/panamacity.wordcamp.org\/2019\/wp-json\/wp\/v2\/types\/page"}],"author":[{"embeddable":true,"href":"https:\/\/panamacity.wordcamp.org\/2019\/wp-json\/wp\/v2\/users\/16269090"}],"replies":[{"embeddable":true,"href":"https:\/\/panamacity.wordcamp.org\/2019\/wp-json\/wp\/v2\/comments?post=384"}],"version-history":[{"count":7,"href":"https:\/\/panamacity.wordcamp.org\/2019\/wp-json\/wp\/v2\/pages\/384\/revisions"}],"predecessor-version":[{"id":1024,"href":"https:\/\/panamacity.wordcamp.org\/2019\/wp-json\/wp\/v2\/pages\/384\/revisions\/1024"}],"wp:attachment":[{"href":"https:\/\/panamacity.wordcamp.org\/2019\/wp-json\/wp\/v2\/media?parent=384"}],"curies":[{"name":"wp","href":"https:\/\/api.w.org\/{rel}","templated":true}]}}