{"id":19,"date":"2019-02-08T17:55:58","date_gmt":"2019-02-08T17:55:58","guid":{"rendered":"https:\/\/2019.panamacity.wordcamp.org\/code-of-conduct\/"},"modified":"2019-06-12T01:31:00","modified_gmt":"2019-06-12T01:31:00","slug":"code-of-conduct","status":"publish","type":"page","link":"https:\/\/panamacity.wordcamp.org\/2019\/code-of-conduct\/","title":{"rendered":"C\u00f3digo de Conducta"},"content":{"rendered":"<div class=\"post-header\">\n<p class=\"post-title\">Como parte de la Comunidad Mundial de WordPress adoptamos el siguiente C\u00f3digo de Conducta:<\/p>\n<\/div>\n<div class=\"post-content\">\n<h3>Prop\u00f3sito<\/h3>\n<p>WordPress Panam\u00e1 es una comunidad abierta a todo el mundo. Como tal, estamos comprometidos en proporcionar un ambiente amigable, seguro y acogedor para todos, independientemente de su sexo, orientaci\u00f3n sexual, discapacidad, origen \u00e9tnico, religi\u00f3n, sistema operativo preferido, lenguaje de programaci\u00f3n o editor de texto.<\/p>\n<p>Este c\u00f3digo de conducta resume nuestras expectativas para el comportamiento de los participantes, as\u00ed como las consecuencias del comportamiento inaceptable.<\/p>\n<p>Instamos a todos los patrocinadores, voluntarios, ponentes, conferencistas, asistentes y otros participantes a colaborar a ofrecer una experiencia segura y agradable para todos en nuestros eventos.<\/p>\n<h3>Ciudadan\u00eda de c\u00f3digo abierto<\/h3>\n<p>Una objetivo adicional de este c\u00f3digo de conducta es aumentar la ciudadan\u00eda de c\u00f3digo abierto animando a los participantes a reconocer y fortalecer las relaciones entre lo que hacemos y la comunidad en general.<\/p>\n<p>Para ello ofreceremos un reconocimiento a los ciudadanos ejemplares de nuestra comunidad.<\/p>\n<p>Si consideras que alguien que est\u00e1 haciendo un esfuerzo extra para asegurar que nuestra comunidad sea acogedora, amistosa y anime a todos los participantes a contribuir al m\u00e1ximo, prop\u00f3n su reconocimiento.<\/p>\n<h3>Comportamiento esperado<\/h3>\n<ul>\n<li>S\u00e9 considerado, respetuoso y colabora.<\/li>\n<li>Evita el comportamiento o el lenguaje degradante, discriminatorio o de acoso.<\/li>\n<li>S\u00e9 consciente del entorno y de tus compa\u00f1eros participantes. Alerta a los organizadores si notas una situaci\u00f3n peligrosa o alguien en peligro.<\/li>\n<li>Participa de una manera aut\u00e9ntica y activa, al hacerlo, ayudas a mejorar WordPress Panam\u00e1.<\/li>\n<li>Respeta el lugar en el que realizamos nuestras reuniones y a las personas que all\u00ed encuentres.<\/li>\n<li>En todos los casos deber\u00e1s cumplir con la legislaci\u00f3n vigente en Espa\u00f1a y las diferentes ordenanzas municipales.<\/li>\n<\/ul>\n<h3>Comportamiento inaceptable<\/h3>\n<p>Los comportamientos inaceptables incluyen la conducta intimidatoria, acosadora, abusiva, discriminatoria, despectiva o humillante hacia cualquier participante en WordPress Panam\u00e1 y eventos relacionados.<\/p>\n<p>El acoso incluye: comentarios verbales ofensivos relacionados con el g\u00e9nero, la orientaci\u00f3n sexual, la raza, la religi\u00f3n, la discapacidad.<\/p>\n<p>Otros comportamientos considerados inaceptables: el uso inadecuado de desnudos y\/o im\u00e1genes sexuales en espacios p\u00fablicos (incluyendo diapositivas en las presentaciones); la intimidaci\u00f3n deliberada, el acecho o acoso con fotograf\u00edas o grabaciones; la interrupci\u00f3n sostenida de charlas y otros eventos; el contacto f\u00edsico inapropiado y la atenci\u00f3n sexual no deseada.<\/p>\n<h3>Consecuencias de un comportamiento inaceptable<\/h3>\n<p>El comportamiento inaceptable no ser\u00e1 tolerado por otros asistentes, organizadores, patrocinadores u otros participantes de WordPress Panam\u00e1.<\/p>\n<p>Se espera que cualquier persona a la que se le pida dar fin a un comportamiento inaceptable cumpla de inmediato.<\/p>\n<p>Si un participante tiene un comportamiento inaceptable, los organizadores pueden tomar cualquier acci\u00f3n que consideren apropiada, incluyendo su expulsi\u00f3n sin previo aviso o reembolso.<\/p>\n<h3>\u00bfQu\u00e9 hacer ante comportamientos inaceptables?<\/h3>\n<p>Pide a quien lo hace que deponga su actitud y si no lo hace contacta con los organizadores. Puedes comunic\u00e1rselo directamente en persona a Ernesto, Juan o Roberto, o si lo prefieres a trav\u00e9s del formulario de contacto de esta web.<\/p>\n<h3>\u00c1mbito de aplicaci\u00f3n<\/h3>\n<p>Esperamos que todos los participantes (patrocinadores, voluntarios, ponentes, asistentes y otros invitados) respeten este c\u00f3digo de conducta en todos los lugares donde se desarrolle WordPress Panam\u00e1 y en los eventos sociales relacionados.<\/p>\n<h3>Licencia y atribuci\u00f3n<\/h3>\n<p>Este C\u00f3digo de Conducta es una adaptaci\u00f3n del importante trabajo de Open Source Bridge. El original est\u00e1 disponible en\u00a0<a href=\"http:\/\/opensourcebridge.org\/about\/code-of-conduct\/\">http:\/\/opensourcebridge.org\/about\/code-of-conduct\/<\/a>\u00a0y se publica bajo una licencia Creative Commons Attribution-ShareAlike.<\/p>\n<\/div>\n","protected":false},"excerpt":{"rendered":"<p>Como parte de la Comunidad Mundial de WordPress adoptamos el siguiente C\u00f3digo de Conducta: Prop\u00f3sito WordPress Panam\u00e1 es una comunidad abierta a todo el mundo. Como tal, estamos comprometidos en proporcionar un ambiente amigable, seguro y acogedor para todos, independientemente &hellip; <a href=\"https:\/\/panamacity.wordcamp.org\/2019\/code-of-conduct\/\">Sigue leyendo <span class=\"assistive-text\">C\u00f3digo de Conducta<\/span>  <span class=\"meta-nav\">&rarr;<\/span><\/a><\/p>\n","protected":false},"author":16269090,"featured_media":0,"parent":0,"menu_order":0,"comment_status":"closed","ping_status":"closed","template":"","meta":{"jetpack_post_was_ever_published":false,"footnotes":""},"class_list":["post-19","page","type-page","status-publish","hentry"],"jetpack_sharing_enabled":true,"jetpack_shortlink":"https:\/\/wp.me\/PaIve4-j","_links":{"self":[{"href":"https:\/\/panamacity.wordcamp.org\/2019\/wp-json\/wp\/v2\/pages\/19","targetHints":{"allow":["GET"]}}],"collection":[{"href":"https:\/\/panamacity.wordcamp.org\/2019\/wp-json\/wp\/v2\/pages"}],"about":[{"href":"https:\/\/panamacity.wordcamp.org\/2019\/wp-json\/wp\/v2\/types\/page"}],"author":[{"embeddable":true,"href":"https:\/\/panamacity.wordcamp.org\/2019\/wp-json\/wp\/v2\/users\/16269090"}],"replies":[{"embeddable":true,"href":"https:\/\/panamacity.wordcamp.org\/2019\/wp-json\/wp\/v2\/comments?post=19"}],"version-history":[{"count":5,"href":"https:\/\/panamacity.wordcamp.org\/2019\/wp-json\/wp\/v2\/pages\/19\/revisions"}],"predecessor-version":[{"id":658,"href":"https:\/\/panamacity.wordcamp.org\/2019\/wp-json\/wp\/v2\/pages\/19\/revisions\/658"}],"wp:attachment":[{"href":"https:\/\/panamacity.wordcamp.org\/2019\/wp-json\/wp\/v2\/media?parent=19"}],"curies":[{"name":"wp","href":"https:\/\/api.w.org\/{rel}","templated":true}]}}