{"id":185,"date":"2019-06-02T01:08:24","date_gmt":"2019-06-02T01:08:24","guid":{"rendered":"https:\/\/2019.panamacity.wordcamp.org\/?page_id=185"},"modified":"2019-06-21T00:54:36","modified_gmt":"2019-06-21T00:54:36","slug":"inicio","status":"publish","type":"page","link":"https:\/\/panamacity.wordcamp.org\/2019\/","title":{"rendered":"Llega WordCamp a Panam\u00e1 \ud83c\uddf5\ud83c\udde6"},"content":{"rendered":"<div class=\"home-text\">\n<h2>WordCamp llega a Panam\u00e1<\/h2>\n<p>El evento m\u00e1s importante de la comunidad de usuarios de WordPress. Prep\u00e1rate para dos d\u00edas cargados de charlas, talleres y eventos de networking. Ven a conocer a la gran comunidad que est\u00e1 cambiando la web. Te esperamos.<\/p>\n<\/div>\n<figure class=\"wp-block-image is-resized\"><img loading=\"lazy\" decoding=\"async\" class=\"wp-image-490\" src=\"https:\/\/2019.panamacity.wordcamp.org\/files\/2019\/06\/logo-600px.png\" alt=\"\" width=\"290\" height=\"198\" srcset=\"https:\/\/panamacity.wordcamp.org\/2019\/files\/2019\/06\/logo-600px.png 600w, https:\/\/panamacity.wordcamp.org\/2019\/files\/2019\/06\/logo-600px-300x205.png 300w, https:\/\/panamacity.wordcamp.org\/2019\/files\/2019\/06\/logo-600px-440x300.png 440w\" sizes=\"auto, (max-width: 290px) 100vw, 290px\" \/><\/figure>\n<div class=\"home-text\">\n<h2>\u00bfQu\u00e9 es WordPress?<\/h2>\n<p><a href=\"https:\/\/es.wordpress.org\">WordPress <\/a>es un sistema de gesti\u00f3n de contenidos o CMS&nbsp; utilizado para crear cualquier tipo de p\u00e1gina web. Es un software libre y de c\u00f3digo abierto. Originalmente alcanz\u00f3 una gran popularidad en la creaci\u00f3n de blogs, para convertirse con el tiempo en una de las principales herramientas para la <em>creaci\u00f3n de p\u00e1ginas web en todo el mundo.<\/em><\/p>\n<\/div>\n<figure class=\"wp-block-image is-resized\"><img loading=\"lazy\" decoding=\"async\" width=\"529\" height=\"269\" class=\"wp-image-783\" src=\"https:\/\/2019.panamacity.wordcamp.org\/files\/2019\/06\/que-es-wordpress.jpg\" alt=\"\" srcset=\"https:\/\/panamacity.wordcamp.org\/2019\/files\/2019\/06\/que-es-wordpress.jpg 529w, https:\/\/panamacity.wordcamp.org\/2019\/files\/2019\/06\/que-es-wordpress-300x153.jpg 300w, https:\/\/panamacity.wordcamp.org\/2019\/files\/2019\/06\/que-es-wordpress-500x254.jpg 500w\" sizes=\"auto, (max-width: 529px) 100vw, 529px\" \/><\/figure>\n<div class=\"home-text\">\n<h2>\u00bfQu\u00e9 es un WordCamp?<\/h2>\n<p>El <a href=\"https:\/\/central.wordcamp.org\/about\/\">WordCamp<\/a>&nbsp;es una conferencia de 2 d\u00edas de duraci\u00f3n y decenas de charlas, enfocada en todo lo relacionado con WordPress. Las WordCamps son eventos organizados por y para la comunidad, que unen a usuarios de WordPress: desde el desarrollador, programador, dise\u00f1ador hasta el usuario casual, todos participan, comparten ideas y se conocen. <a href=\"\/que-es-un-wordcamp\">Conoce m\u00e1s<\/a>.<\/p>\n<\/div>\n<figure class=\"wp-block-image is-resized\"><img loading=\"lazy\" decoding=\"async\" width=\"509\" height=\"312\" class=\"wp-image-784\" src=\"https:\/\/2019.panamacity.wordcamp.org\/files\/2019\/06\/que-es-wordcamp.jpg\" alt=\"\" srcset=\"https:\/\/panamacity.wordcamp.org\/2019\/files\/2019\/06\/que-es-wordcamp.jpg 509w, https:\/\/panamacity.wordcamp.org\/2019\/files\/2019\/06\/que-es-wordcamp-300x184.jpg 300w, https:\/\/panamacity.wordcamp.org\/2019\/files\/2019\/06\/que-es-wordcamp-489x300.jpg 489w\" sizes=\"auto, (max-width: 509px) 100vw, 509px\" \/><\/figure>\n","protected":false},"excerpt":{"rendered":"<p>WordCamp llega a Panam\u00e1 El evento m\u00e1s importante de la comunidad de usuarios de WordPress. Prep\u00e1rate para dos d\u00edas cargados de charlas, talleres y eventos de networking. Ven a conocer a la gran comunidad que est\u00e1 cambiando la web. Te &hellip; <a href=\"https:\/\/panamacity.wordcamp.org\/2019\/\">Sigue leyendo <span class=\"assistive-text\">Llega WordCamp a Panam\u00e1 \ud83c\uddf5\ud83c\udde6<\/span>  <span class=\"meta-nav\">&rarr;<\/span><\/a><\/p>\n","protected":false},"author":6756710,"featured_media":0,"parent":0,"menu_order":0,"comment_status":"closed","ping_status":"closed","template":"","meta":{"jetpack_post_was_ever_published":false,"footnotes":""},"class_list":["post-185","page","type-page","status-publish","hentry"],"jetpack_sharing_enabled":true,"jetpack_shortlink":"https:\/\/wp.me\/PaIve4-2Z","_links":{"self":[{"href":"https:\/\/panamacity.wordcamp.org\/2019\/wp-json\/wp\/v2\/pages\/185","targetHints":{"allow":["GET"]}}],"collection":[{"href":"https:\/\/panamacity.wordcamp.org\/2019\/wp-json\/wp\/v2\/pages"}],"about":[{"href":"https:\/\/panamacity.wordcamp.org\/2019\/wp-json\/wp\/v2\/types\/page"}],"author":[{"embeddable":true,"href":"https:\/\/panamacity.wordcamp.org\/2019\/wp-json\/wp\/v2\/users\/6756710"}],"replies":[{"embeddable":true,"href":"https:\/\/panamacity.wordcamp.org\/2019\/wp-json\/wp\/v2\/comments?post=185"}],"version-history":[{"count":31,"href":"https:\/\/panamacity.wordcamp.org\/2019\/wp-json\/wp\/v2\/pages\/185\/revisions"}],"predecessor-version":[{"id":826,"href":"https:\/\/panamacity.wordcamp.org\/2019\/wp-json\/wp\/v2\/pages\/185\/revisions\/826"}],"wp:attachment":[{"href":"https:\/\/panamacity.wordcamp.org\/2019\/wp-json\/wp\/v2\/media?parent=185"}],"curies":[{"name":"wp","href":"https:\/\/api.w.org\/{rel}","templated":true}]}}