{"id":1805,"date":"2019-10-17T23:17:43","date_gmt":"2019-10-17T23:17:43","guid":{"rendered":"https:\/\/2019.panamacity.wordcamp.org\/?page_id=1805"},"modified":"2019-10-20T15:17:51","modified_gmt":"2019-10-20T15:17:51","slug":"programa-oficial","status":"publish","type":"page","link":"https:\/\/panamacity.wordcamp.org\/2019\/programa-oficial\/","title":{"rendered":"Programa"},"content":{"rendered":"<hr \/>\r\n<table style=\"width: 300px;float: right;margin-top: 0px\">\r\n<tbody>\r\n<tr>\r\n<td>\r\n<a href=\"https:\/\/chat.whatsapp.com\/FaypItbOb7XFIlfcpN1APY\"><strong>\u00danete al grupo de Whatsapp de la comunidad de WordPress Panam\u00e1:<\/strong><\/a>\r\n<\/td>\r\n<td><a href=\"https:\/\/chat.whatsapp.com\/FaypItbOb7XFIlfcpN1APY\"><img loading=\"lazy\" decoding=\"async\" class=\"alignnone wp-image-1829 alignright\" style=\"margin-left: auto;margin-right: auto\" src=\"https:\/\/2019.panamacity.wordcamp.org\/files\/2019\/10\/79dc31280371b8ffbe56ec656418e1221-150x150.png\" alt=\"\" width=\"50\" height=\"50\" \/><\/a><\/td>\r\n<\/tr>\r\n<tr>\r\n<td>\r\n<a href=\"http:\/\/t.me\/WordPressPanama\"><strong>\u00danete al grupo de Telegram de la comunidad de WordPress Panam\u00e1:<\/strong><\/a>\r\n<\/td>\r\n<td><a href=\"http:\/\/t.me\/WordPressPanama\"><img loading=\"lazy\" decoding=\"async\" class=\"alignnone wp-image-1829 alignright\" style=\"margin-left: auto;margin-right: auto\" src=\"https:\/\/2019.panamacity.wordcamp.org\/files\/2019\/10\/512px-Telegram_2019_Logo.svg1_-150x150.png\" alt=\"\" width=\"50\" height=\"50\" \/><\/a><\/td>\r\n<\/tr>\r\n<tr>\r\n<td>\r\n<a href=\"https:\/\/2019.panamacity.wordcamp.org\/location\/#ubicacionMapa\"><strong>Mapa de ubicaci\u00f3n:<\/strong><\/a>\r\n<\/td>\r\n<td><a href=\"https:\/\/2019.panamacity.wordcamp.org\/location\/#ubicacionMapa\"><img loading=\"lazy\" decoding=\"async\" class=\"alignnone wp-image-1829 alignright\" style=\"margin-left: auto;margin-right: auto\" src=\"https:\/\/2019.panamacity.wordcamp.org\/files\/2019\/10\/google-maps1-150x150.png\" alt=\"\" width=\"50\" height=\"50\" srcset=\"https:\/\/panamacity.wordcamp.org\/2019\/files\/2019\/10\/google-maps1-150x150.png 150w, https:\/\/panamacity.wordcamp.org\/2019\/files\/2019\/10\/google-maps1-300x300.png 300w, https:\/\/panamacity.wordcamp.org\/2019\/files\/2019\/10\/google-maps1.png 600w\" sizes=\"auto, (max-width: 50px) 100vw, 50px\" \/><\/a><\/td>\r\n<\/tr>\r\n<tr>\r\n<td><a href=\"https:\/\/www.waze.com\/ul?ll=9.02217100%2C-79.53188400&amp;navigate=yes\"><strong>Instrucciones de conducci\u00f3n:<\/strong><\/a><\/td>\r\n<td><a href=\"https:\/\/www.waze.com\/ul?ll=9.02217100%2C-79.53188400&amp;navigate=yes\"><img loading=\"lazy\" decoding=\"async\" class=\"wp-image-1828 alignright\" style=\"margin-left: auto;margin-right: auto\" src=\"https:\/\/2019.panamacity.wordcamp.org\/files\/2019\/10\/waze_PNG411-150x150.png\" alt=\"\" width=\"52\" height=\"52\" srcset=\"https:\/\/panamacity.wordcamp.org\/2019\/files\/2019\/10\/waze_PNG411-150x150.png 150w, https:\/\/panamacity.wordcamp.org\/2019\/files\/2019\/10\/waze_PNG411-300x300.png 300w, https:\/\/panamacity.wordcamp.org\/2019\/files\/2019\/10\/waze_PNG411.png 411w\" sizes=\"auto, (max-width: 52px) 100vw, 52px\" \/><\/a><\/td>\r\n<\/tr>\r\n<\/tbody>\r\n<\/table>\r\n\r\n\r\n\r\n<h2 class=\"wp-block-heading\">D\u00eda 1: S\u00e1bado 19 de Octubre<\/h2>\r\n\r\n\r\n\r\n<table class=\"programa-wcpanama-2019\">\r\n<thead>\r\n<tr>\r\n<th>Hora<\/th>\r\n<th>\r\n<p>TRACK 1<br \/>(Sal\u00f3n P100, 1er piso)<\/p>\r\n<p>Dise\u00f1o y Desarrollo<\/p>\r\n<\/th>\r\n<th>\r\n<p>TRACK 2<br \/>(sal\u00f3n 202, 2do piso)<\/p>\r\n<p>Redes y Negocios<\/p>\r\n<\/th>\r\n<th>\r\n<p>TRACK 3<br \/>Teatro<\/p>\r\n<p>Charlas en el Teatro<\/p>\r\n<\/th>\r\n<\/tr>\r\n<\/thead>\r\n<tbody>\r\n<tr>\r\n<td>8:00 am<\/td>\r\n<td colspan=\"3\">Acreditaciones<\/td>\r\n<\/tr>\r\n<tr class=\"break\">\r\n<td>9:00 am &#8211; 9:15 am<\/td>\r\n<td>\u00a0<\/td>\r\n<td>\u00a0<\/td>\r\n<td>Discurso de Apertura<\/td>\r\n<\/tr>\r\n<tr>\r\n<td>9:20 am &#8211; 10:00 am<\/td>\r\n<td>\u00bfC\u00f3mo involucrarse con la Comunidad de WordPress? &#8211; Ericka Barboza<\/td>\r\n<td>Creando embudo de ventas con wordpress &#8211; Miguel Diaz<\/td>\r\n<td>La receta detr\u00e1s de un blog corporativo exitoso &#8211; Vanessa<\/td>\r\n<\/tr>\r\n<tr>\r\n<td>10:05 am &#8211; 10:45 am<\/td>\r\n<td>Usando WordPress como un generador de sitios est\u00e1ticos &#8211; Roberto Rubio<\/td>\r\n<td>Escribe para las personas, las m\u00e1quinas no compran &#8211; Irasema Rivas<\/td>\r\n<td>Accessibilidad Web: \u00bfTransformaci\u00f3n Digital o Transformaci\u00f3n Digital Social? &#8211; Merary Alvarado<\/td>\r\n<\/tr>\r\n<tr class=\"break\">\r\n<td>10:45 am &#8211; 11:15 am<\/td>\r\n<td colspan=\"3\">Break Time<\/td>\r\n<\/tr>\r\n<tr>\r\n<td>11:15 am &#8211; 11:55 am<\/td>\r\n<td>c\u00f3mo WP ayudo al desarrollo del App M\u00f3vil de Empleos Panam\u00e1 &#8211; Ramy Deeb<\/td>\r\n<td>Marketing Automation &#8211; Miguel Estevan<\/td>\r\n<td>Google Business y WordPress &#8211; Felix Bellido<\/td>\r\n<\/tr>\r\n<tr>\r\n<td>12:00 pm &#8211; 12:40 m<\/td>\r\n<td>Estrategias Digitales para lograr conversiones Andrea Navarro<\/td>\r\n<td>Rompiendo Fronteras, Exportando Conocimiento &#8211; Johel Heraclio Batista C\u00e1rdenas<\/td>\r\n<td>Tu tienda en linea con WordPress y Woocommerce &#8211; Hector Romero<\/td>\r\n<\/tr>\r\n<tr class=\"break\">\r\n<td>12:40 m &#8211; 1:40 pm<\/td>\r\n<td colspan=\"3\">Almuerzo<\/td>\r\n<\/tr>\r\n<tr>\r\n<td>1:40 pm &#8211; 2:20 pm<\/td>\r\n<td>Conectando un sistema de lealtad con WooCommerce &#8211; Luis Quintero<\/td>\r\n<td>Haz Crecer tus Ventas con Ecommerce Y Google &#8211; Maria Jose Lopez<\/td>\r\n<td>Google Ads, Expectativas Vs Realidad &#8211; Pedro A. Rosillo Q.<\/td>\r\n<\/tr>\r\n<tr>\r\n<td>2:25 pm &#8211; 3:05 pm<\/td>\r\n<td>Proyeccion Profesional a trav\u00e9s de WordPress &#8211; Jose Jimenez Vega<\/td>\r\n<td>C\u00f3mo hacer un Startup de Base Tecnol\u00f3gica &#8211; Andr\u00e9s Ahues<\/td>\r\n<td>Mercadeo\/redes\/ emprendimiento &#8211; Boris Wainberg<\/td>\r\n<\/tr>\r\n<tr class=\"break\">\r\n<td>3:10 pm &#8211; 3:30 pm<\/td>\r\n<td colspan=\"3\">Break Time<\/td>\r\n<\/tr>\r\n<tr>\r\n<td>3:30 pm &#8211; 4:30 pm<\/td>\r\n<td>\r\n<h4>Taller:<\/h4>\r\nWordPress para Alto Tr\u00e1fico &#8211; Roberto Rubio<\/td>\r\n<td>\r\n<h4>Taller:<\/h4>\r\nDevops: Despliegue de artefactos en AZURE y Google Cloud con Docker Joaquin Vargas<\/td>\r\n<td>\r\n<h4>Taller:<\/h4>\r\nintegraci\u00f3n de WordPress al sistema financiero o P\u00e1ginas web en WordPress para eCommerce &#8211; Octavio Denis<\/td>\r\n<\/tr>\r\n<tr class=\"break\">\r\n<td>4:35 pm &#8211; 5:15 pm<\/td>\r\n<td colspan=\"3\">Networking<\/td>\r\n<\/tr>\r\n<tr>\r\n<td>5:15 pm &#8211; 6:00 pm<\/td>\r\n<td>WordPress Orientado a Objetos &#8211; Joaquin Vargas<\/td>\r\n<td>Creando tu marca profesional &#8211; Oscar Garcia<\/td>\r\n<td>\u00a0Marketing digital y negocios con WordPress &#8211; Juan Rivers<\/td>\r\n<\/tr>\r\n<\/tbody>\r\n<\/table>\r\n\r\n\r\n\r\n<p class=\"anuncio-programa\">El S\u00e1bado 19 de Octubre a las 9:00pm, habr\u00e1 una fiesta open bar de cervezas nacionales en el <a title=\"Google Maps\" href=\"https:\/\/g.page\/hrcpanama?share\" target=\"_blank\" rel=\"noopener noreferrer\"><span style=\"text-decoration: underline\">restaurante Hard Rock Caf\u00e9 de Multicentro<\/span>\u00a0<\/a>, para todos los asistentes. \ud83c\udf89 \ud83c\udf7b<\/p>\r\n\r\n\r\n\r\n<h2 class=\"wp-block-heading\">D\u00eda 2: Domingo 20 de Octubre<\/h2>\r\n\r\n\r\n\r\n<table class=\"programa-wcpanama-2019\">\r\n<thead>\r\n<tr>\r\n<th>Hora<\/th>\r\n<th>Track de Dise\u00f1o y Desarrollo<\/th>\r\n<th>Track de Redes y Negocios<\/th>\r\n<th>Charlas en el Teatro<\/th>\r\n<\/tr>\r\n<\/thead>\r\n<tbody>\r\n<tr>\r\n<td>8:00 am &#8211; 9:10 am<\/td>\r\n<td colspan=\"3\">Acreditaciones<\/td>\r\n<\/tr>\r\n<tr>\r\n<td>9:10 am &#8211; 9:50 am<\/td>\r\n<td>eCRM &#8211; Miguel Estevan<\/td>\r\n<td>Usabilidad 101: C\u00f3mo dise\u00f1ar centrado en el usuario &#8211; Andr\u00e9s Ahues<\/td>\r\n<td>\u00a0Utiliza wordpress para empezar tu negocio de asesor\u00cda financiera &#8211; Jonatha Lederman<\/td>\r\n<\/tr>\r\n<tr>\r\n<td>9:55 am &#8211; 10:35 am<\/td>\r\n<td>Advanced Custom Fields &#8211; Ernesto Morales<\/td>\r\n<td>Crea tus propios Temas y Plugins &#8211; Sim\u00f3n Maqui\u00f3n<\/td>\r\n<td>10 Tips Para Mejorar el UX En tu Sitio de Manera R\u00e1pida &#8211; Maria Lopez<\/td>\r\n<\/tr>\r\n<tr class=\"break\">\r\n<td>10:35 am &#8211; 11:05 am<\/td>\r\n<td colspan=\"3\">Break Time<\/td>\r\n<\/tr>\r\n<tr>\r\n<td>11:05 am &#8211; 11:45 am<\/td>\r\n<td>Crea tu blog con GatbyJS y WordPress &#8211; Juan Moises Torrijos<\/td>\r\n<td>P\u00e1ginas web en WordPress para eCommerce &#8211; Octavio Denis<\/td>\r\n<td>AI en los negocios del siglo 21 &#8211; Nessim Btesh<\/td>\r\n<\/tr>\r\n<tr>\r\n<td>11:50 pm &#8211; 12:30 m<\/td>\r\n<td>Como hacer debugging a tu cerebro &#8211; Juliette Chevalier<\/td>\r\n<td>El lado B del comercio electr\u00f3nico en Panam\u00e1 &#8211; Juan David Guardia<\/td>\r\n<td>Claves para formar una comunidad WordPress activa, inclusiva y cool &#8211; Vanessa Martinez y Alex Cuadra<\/td>\r\n<\/tr>\r\n<tr class=\"break\">\r\n<td>12:30 m &#8211; 1:30 pm<\/td>\r\n<td colspan=\"3\">Almuerzo<\/td>\r\n<\/tr>\r\n<tr>\r\n<td>1:30 pm &#8211; 2:10 pm<\/td>\r\n<td>Seguridad y Respaldos &#8211; Samantha Arburola<\/td>\r\n<td>Experiencia en el manejo de la comunidad de Divulgaci\u00f3n Sociol\u00f3gica a traves de WordPress Sascha Ram<\/td>\r\n<td>SEO ONPAGE Usando WordPress + Yoast SEO o SEO (plugins, tips, resultados, realidad) &#8211; Pablo Mor\u00e1n<\/td>\r\n<\/tr>\r\n<tr>\r\n<td>2:15 pm &#8211; 2:55 pm<\/td>\r\n<td>Trabajando con buenas practicas en WordPress &#8211; Nestor Aconcha<\/td>\r\n<td>Networking: Como Crea Relaciones Profesionales Oscar Garcia<\/td>\r\n<td>C\u00f3mo solucionar problemas de rendimiento de WordPress &#8211; Carl Alexander<\/td>\r\n<\/tr>\r\n<tr class=\"break\">\r\n<td>2:55 pm &#8211; 3:15 pm<\/td>\r\n<td colspan=\"3\">Networking<\/td>\r\n<\/tr>\r\n<tr>\r\n<td>3:15 pm &#8211; 3:55pm<\/td>\r\n<td>Seguridad en WordPress &#8211; Rafael Lara<\/td>\r\n<td>Chatbots &#8211; Apoyando a la Transformaci\u00f3n Digital &#8211; Miguel D\u00edaz<\/td>\r\n<td>Como financiar tu proyecto con crowdfunding &#8211; Boris Wainberg<\/td>\r\n<\/tr>\r\n<tr>\r\n<td>4:00 pm &#8211; 4:40 pm<\/td>\r\n<td>El navegador es tu mejor amigo para el desarrollo con WordPress Miguel Useche<\/td>\r\n<td>Las Incre\u00edbles Variables de CSS &#8211; Juan Mois\u00e9s Torrijos<\/td>\r\n<td>Podcast Nueva Tendencia Digital y Sus Beneficios &#8211; Yarisa Mendieta &amp; Bianca Tapia<\/td>\r\n<\/tr>\r\n<tr class=\"break\">\r\n<td>4:45 pm &#8211; 5:30 pm<\/td>\r\n<td>\u00a0<\/td>\r\n<td>\u00a0<\/td>\r\n<td>Despedida, Entrega de Premios y Fotos<\/td>\r\n<\/tr>\r\n<\/tbody>\r\n<\/table>\r\n\r\n\r\n\r\n<p class=\"anuncio-programa\">\u00a1\u00a1\u00a1Habr\u00e1 premios de asistencia!!! \ud83c\udfc6<\/p>\r\n","protected":false},"excerpt":{"rendered":"<p>\u00danete al grupo de Whatsapp de la comunidad de WordPress Panam\u00e1: \u00danete al grupo de Telegram de la comunidad de WordPress Panam\u00e1: Mapa de ubicaci\u00f3n: Instrucciones de conducci\u00f3n: D\u00eda 1: S\u00e1bado 19 de Octubre Hora TRACK 1(Sal\u00f3n P100, 1er piso) &hellip; <a href=\"https:\/\/panamacity.wordcamp.org\/2019\/programa-oficial\/\">Sigue leyendo <span class=\"assistive-text\">Programa<\/span>  <span class=\"meta-nav\">&rarr;<\/span><\/a><\/p>\n","protected":false},"author":15498261,"featured_media":0,"parent":0,"menu_order":0,"comment_status":"closed","ping_status":"closed","template":"","meta":{"jetpack_post_was_ever_published":false,"footnotes":""},"class_list":["post-1805","page","type-page","status-publish","hentry"],"jetpack_sharing_enabled":true,"jetpack_shortlink":"https:\/\/wp.me\/PaIve4-t7","_links":{"self":[{"href":"https:\/\/panamacity.wordcamp.org\/2019\/wp-json\/wp\/v2\/pages\/1805","targetHints":{"allow":["GET"]}}],"collection":[{"href":"https:\/\/panamacity.wordcamp.org\/2019\/wp-json\/wp\/v2\/pages"}],"about":[{"href":"https:\/\/panamacity.wordcamp.org\/2019\/wp-json\/wp\/v2\/types\/page"}],"author":[{"embeddable":true,"href":"https:\/\/panamacity.wordcamp.org\/2019\/wp-json\/wp\/v2\/users\/15498261"}],"replies":[{"embeddable":true,"href":"https:\/\/panamacity.wordcamp.org\/2019\/wp-json\/wp\/v2\/comments?post=1805"}],"version-history":[{"count":35,"href":"https:\/\/panamacity.wordcamp.org\/2019\/wp-json\/wp\/v2\/pages\/1805\/revisions"}],"predecessor-version":[{"id":1924,"href":"https:\/\/panamacity.wordcamp.org\/2019\/wp-json\/wp\/v2\/pages\/1805\/revisions\/1924"}],"wp:attachment":[{"href":"https:\/\/panamacity.wordcamp.org\/2019\/wp-json\/wp\/v2\/media?parent=1805"}],"curies":[{"name":"wp","href":"https:\/\/api.w.org\/{rel}","templated":true}]}}