{"id":12,"date":"2019-02-08T17:55:58","date_gmt":"2019-02-08T17:55:58","guid":{"rendered":"https:\/\/2019.panamacity.wordcamp.org\/organizers\/"},"modified":"2019-06-05T16:13:46","modified_gmt":"2019-06-05T16:13:46","slug":"organizadores","status":"publish","type":"page","link":"https:\/\/panamacity.wordcamp.org\/2019\/organizadores\/","title":{"rendered":"Organizadores"},"content":{"rendered":"\t<div class=\"wcorg-organizers\">\n\n\t\t\n\t\t\t<div class=\"wcorg-organizer\">\n\t\t\t\t<h2>N\u00e9stor Aconcha<\/h2>\n\t\t\t\t<div class=\"wcorg-organizer-description\">\n\t\t\t\t\t\t\t\t\t\t<img alt='' src='https:\/\/secure.gravatar.com\/avatar\/b2902af5d4fb088271be3323f9583580d7baf2e02015e403057f64603344dcf9?s=100&#038;d=retro&#038;r=g' srcset='https:\/\/secure.gravatar.com\/avatar\/b2902af5d4fb088271be3323f9583580d7baf2e02015e403057f64603344dcf9?s=200&#038;d=retro&#038;r=g 2x' class='avatar avatar-100 photo' height='100' width='100' \/>\t\t\t\t\t\n<p> Freelancer introvertido, entrenador y consultor de WordPress, con m\u00e1s de 5 a\u00f1os dise\u00f1ando y desarrollando sitios web con WordPress. <\/p>\n\t\t\t\t<\/div>\n\t\t\t<\/div>\n\n\t\t\n\t\t\t<div class=\"wcorg-organizer\">\n\t\t\t\t<h2>Ernesto Morales<\/h2>\n\t\t\t\t<div class=\"wcorg-organizer-description\">\n\t\t\t\t\t\t\t\t\t\t<img alt='' src='https:\/\/secure.gravatar.com\/avatar\/eb51bbfdc5f5e89bd1acb6d1ed7249cebd27faf1a7203710643c40a5b393fd37?s=100&#038;d=retro&#038;r=g' srcset='https:\/\/secure.gravatar.com\/avatar\/eb51bbfdc5f5e89bd1acb6d1ed7249cebd27faf1a7203710643c40a5b393fd37?s=200&#038;d=retro&#038;r=g 2x' class='avatar avatar-100 photo' height='100' width='100' \/>\t\t\t\t\t\r\n<p>CEO de <a href=\"https:\/\/globalinternet.com.pa\">Global Internet<\/a> y <a href=\"https:\/\/negociosvirtualessa.com\">Negocios Virtuales<\/a>, fundador de la comunidad de <a href=\"https:\/\/wppanama.org\">WordPress de Panam\u00e1<\/a> y miembro activo de WordPress San Jos\u00e9 y WordPress Miami.\u00a0 Ernesto tiene una empresa de desarrollo web, donde se especializan en la creaci\u00f3n de soluciones web basados en WordPress, dirigida especialmente a entidades del gobierno.\u00a0 Fan\u00e1tico de Lego y fundador del <a href=\"https:\/\/www.meetup.com\/LEGO-CLub-Panama-Adult-Fans-of-LEGO\/\">Lego Club de Panam\u00e1<\/a>.<\/p>\r\n\t\t\t\t<\/div>\n\t\t\t<\/div>\n\n\t\t\n\t\t\t<div class=\"wcorg-organizer\">\n\t\t\t\t<h2>Juan Mois\u00e9s Torrijos<\/h2>\n\t\t\t\t<div class=\"wcorg-organizer-description\">\n\t\t\t\t\t\t\t\t\t\t<img alt='' src='https:\/\/secure.gravatar.com\/avatar\/906ae4bc59c9c0c10474034b975cab67edf0a3d6a9153c9e4c4029ee55f76d93?s=100&#038;d=retro&#038;r=g' srcset='https:\/\/secure.gravatar.com\/avatar\/906ae4bc59c9c0c10474034b975cab67edf0a3d6a9153c9e4c4029ee55f76d93?s=200&#038;d=retro&#038;r=g 2x' class='avatar avatar-100 photo' height='100' width='100' \/>\t\t\t\t\t\r\n<p>Dise\u00f1ador y Desarrollador WordPress. Encargado de tecnolog\u00eda en <a href=\"http:\/\/icsclass.org\">InterMaritime<\/a> y fundador de <a href=\"http:\/\/Digiartes.com\">Digiartes<\/a>. Fue el primero en ir a una reuni\u00f3n de la comunidad de WordPress de Panam\u00e1. Puedes conocer m\u00e1s de \u00e9l en su sitio web <a href=\"https:\/\/moitorrijos.com\/\" rel=\"noopener noreferrer\" target=\"_blank\">MoiTorrijos.com<\/a><\/p>\r\n\t\t\t\t<\/div>\n\t\t\t<\/div>\n\n\t\t\n\t\t\t<div class=\"wcorg-organizer\">\n\t\t\t\t<h2>Aviran Yanir<\/h2>\n\t\t\t\t<div class=\"wcorg-organizer-description\">\n\t\t\t\t\t\t\t\t\t\t<img alt='' src='https:\/\/secure.gravatar.com\/avatar\/f06decbd2ab0437cef32d5b632551d9d601f1cd60be5d2170afeae0abfae0cc7?s=100&#038;d=retro&#038;r=g' srcset='https:\/\/secure.gravatar.com\/avatar\/f06decbd2ab0437cef32d5b632551d9d601f1cd60be5d2170afeae0abfae0cc7?s=200&#038;d=retro&#038;r=g 2x' class='avatar avatar-100 photo' height='100' width='100' \/>\t\t\t\t\t\n<p>Emprendedor, experto desarrollador de plataformas web y aplicaciones m\u00f3viles. Fundador de <a href=\"http:\/\/panappark.com\">panappark.com<\/a>, <a href=\"http:\/\/recaudar.net\">recaudar.net<\/a>, <a href=\"http:\/\/javerrides.com\">javerrides.com<\/a> y m\u00e1s. Miembro fundador de la comunidad de WordPress de Panam\u00e1.<\/p>\n\t\t\t\t<\/div>\n\t\t\t<\/div>\n\n\t\t\n\t\t\t<div class=\"wcorg-organizer\">\n\t\t\t\t<h2>Roberto Rubio<\/h2>\n\t\t\t\t<div class=\"wcorg-organizer-description\">\n\t\t\t\t\t\t\t\t\t\t<img alt='' src='https:\/\/secure.gravatar.com\/avatar\/ff37193ea7307af253b4b7445fe10baaa6ee0f3f64779354af3ece6ca0024e06?s=100&#038;d=retro&#038;r=g' srcset='https:\/\/secure.gravatar.com\/avatar\/ff37193ea7307af253b4b7445fe10baaa6ee0f3f64779354af3ece6ca0024e06?s=200&#038;d=retro&#038;r=g 2x' class='avatar avatar-100 photo' height='100' width='100' \/>\t\t\t\t\t\n<p>Es Fundador y CEO de Servidores R\u00e1pidos y encargado de Operaciones de Reinteractive. Miembro fundador de la comunidad de WordPress de Panam\u00e1.<\/p>\n\t\t\t\t<\/div>\n\t\t\t<\/div>\n\n\t\t\n\t\t\t<div class=\"wcorg-organizer\">\n\t\t\t\t<h2>Davis Alvarez<\/h2>\n\t\t\t\t<div class=\"wcorg-organizer-description\">\n\t\t\t\t\t\t\t\t\t\t<img alt='' src='https:\/\/secure.gravatar.com\/avatar\/baa185060b85e11df39498a324d44fa7d9110a3a25576b40d1502c4e97c27fc7?s=100&#038;d=retro&#038;r=g' srcset='https:\/\/secure.gravatar.com\/avatar\/baa185060b85e11df39498a324d44fa7d9110a3a25576b40d1502c4e97c27fc7?s=200&#038;d=retro&#038;r=g 2x' class='avatar avatar-100 photo' height='100' width='100' \/>\t\t\t\t\t\n<p>Ingeniero Consultor de Software,\u00a0emprendedor, entusiasta y difusor del Open Source. Miembro fundador de la comunidad de WordPress de Panam\u00e1. Puedes conocer m\u00e1s de \u00e9l en <a href=\"https:\/\/davisalvarez.com\/es\/\" target=\"_blank\" rel=\"noreferrer noopener\" aria-label=\"DavisAlvarez.com (abre en una nueva pesta\u00f1a)\">DavisAlvarez.com<\/a>.<\/p>\n\t\t\t\t<\/div>\n\t\t\t<\/div>\n\n\t\t\n\t\t\t<div class=\"wcorg-organizer\">\n\t\t\t\t<h2>Edith P\u00e9rez C.<\/h2>\n\t\t\t\t<div class=\"wcorg-organizer-description\">\n\t\t\t\t\t\t\t\t\t\t<img alt='' src='https:\/\/secure.gravatar.com\/avatar\/5027a10b322d5e30a1cee9baca2d922ba4a3a2d21d6ab2126537abcb1c096e38?s=100&#038;d=retro&#038;r=g' srcset='https:\/\/secure.gravatar.com\/avatar\/5027a10b322d5e30a1cee9baca2d922ba4a3a2d21d6ab2126537abcb1c096e38?s=200&#038;d=retro&#038;r=g 2x' class='avatar avatar-100 photo' height='100' width='100' \/>\t\t\t\t\t\n<p>Dise\u00f1adora de WordPress. Encargada de Mercadeo Digital en 3CoreSol.com. Dise\u00f1adora Gr\u00e1fica. Miembro fundador de la comunidad de WordPress de Panam\u00e1.<\/p>\n\t\t\t\t<\/div>\n\t\t\t<\/div>\n\n\t\t\n\t\t\t<div class=\"wcorg-organizer\">\n\t\t\t\t<h2>Manuel Ugarte<\/h2>\n\t\t\t\t<div class=\"wcorg-organizer-description\">\n\t\t\t\t\t\t\t\t\t\t<img alt='' src='https:\/\/secure.gravatar.com\/avatar\/21481ab412b16cc35c68fe04585bcec7354f3fb017e144a4c962823128b896d3?s=100&#038;d=retro&#038;r=g' srcset='https:\/\/secure.gravatar.com\/avatar\/21481ab412b16cc35c68fe04585bcec7354f3fb017e144a4c962823128b896d3?s=200&#038;d=retro&#038;r=g 2x' class='avatar avatar-100 photo' height='100' width='100' \/>\t\t\t\t\t\n<p>Experto en asesor\u00eda log\u00edstica y automatizaci\u00f3n de bodegas, productos para mercadeo y publicidad para campa\u00f1as en redes sociales. Miembro fundador de WordPress Panam\u00e1.<\/p>\n\t\t\t\t<\/div>\n\t\t\t<\/div>\n\n\t\t\n\t\t\t<div class=\"wcorg-organizer\">\n\t\t\t\t<h2>Rosemary Ortega<\/h2>\n\t\t\t\t<div class=\"wcorg-organizer-description\">\n\t\t\t\t\t\t\t\t\t\t<img alt='' src='https:\/\/secure.gravatar.com\/avatar\/314f56530c00a1bda7b9d859df7f59bd2e43bfdbd7873804b1446dd5c1024e84?s=100&#038;d=retro&#038;r=g' srcset='https:\/\/secure.gravatar.com\/avatar\/314f56530c00a1bda7b9d859df7f59bd2e43bfdbd7873804b1446dd5c1024e84?s=200&#038;d=retro&#038;r=g 2x' class='avatar avatar-100 photo' height='100' width='100' \/>\t\t\t\t\t\n<p>Lcda. en Estudios Internacionales Graduada en la Universidad Central de Venezuela (2004) Entusiasta de la tecnologia, marketing digital y desarrollo web y Emprendedora en temas de salud, bienestar y estilo de vida saludable, coach nutricional desde 2004.<\/p>\n\t\t\t\t<\/div>\n\t\t\t<\/div>\n\n\t\t\n\t<\/div><!-- .wcorg-organizers -->\n\t\n","protected":false},"excerpt":{"rendered":"","protected":false},"author":16269090,"featured_media":0,"parent":0,"menu_order":0,"comment_status":"closed","ping_status":"closed","template":"","meta":{"jetpack_post_was_ever_published":false,"footnotes":""},"class_list":["post-12","page","type-page","status-publish","hentry"],"jetpack_sharing_enabled":true,"jetpack_shortlink":"https:\/\/wp.me\/PaIve4-c","_links":{"self":[{"href":"https:\/\/panamacity.wordcamp.org\/2019\/wp-json\/wp\/v2\/pages\/12","targetHints":{"allow":["GET"]}}],"collection":[{"href":"https:\/\/panamacity.wordcamp.org\/2019\/wp-json\/wp\/v2\/pages"}],"about":[{"href":"https:\/\/panamacity.wordcamp.org\/2019\/wp-json\/wp\/v2\/types\/page"}],"author":[{"embeddable":true,"href":"https:\/\/panamacity.wordcamp.org\/2019\/wp-json\/wp\/v2\/users\/16269090"}],"replies":[{"embeddable":true,"href":"https:\/\/panamacity.wordcamp.org\/2019\/wp-json\/wp\/v2\/comments?post=12"}],"version-history":[{"count":2,"href":"https:\/\/panamacity.wordcamp.org\/2019\/wp-json\/wp\/v2\/pages\/12\/revisions"}],"predecessor-version":[{"id":287,"href":"https:\/\/panamacity.wordcamp.org\/2019\/wp-json\/wp\/v2\/pages\/12\/revisions\/287"}],"wp:attachment":[{"href":"https:\/\/panamacity.wordcamp.org\/2019\/wp-json\/wp\/v2\/media?parent=12"}],"curies":[{"name":"wp","href":"https:\/\/api.w.org\/{rel}","templated":true}]}}