{"id":11,"date":"2019-02-08T17:55:58","date_gmt":"2019-02-08T17:55:58","guid":{"rendered":"https:\/\/2019.panamacity.wordcamp.org\/location\/"},"modified":"2019-10-18T02:27:36","modified_gmt":"2019-10-18T02:27:36","slug":"location","status":"publish","type":"page","link":"https:\/\/panamacity.wordcamp.org\/2019\/location\/","title":{"rendered":"Universidad Tecnol\u00f3gica de Panam\u00e1"},"content":{"rendered":"\r\n<figure class=\"wp-block-image\"><img loading=\"lazy\" decoding=\"async\" width=\"850\" height=\"567\" class=\"wp-image-274\" src=\"https:\/\/2019.panamacity.wordcamp.org\/files\/2019\/06\/utp-postgrado.jpg\" alt=\"\" srcset=\"https:\/\/panamacity.wordcamp.org\/2019\/files\/2019\/06\/utp-postgrado.jpg 850w, https:\/\/panamacity.wordcamp.org\/2019\/files\/2019\/06\/utp-postgrado-300x200.jpg 300w, https:\/\/panamacity.wordcamp.org\/2019\/files\/2019\/06\/utp-postgrado-768x512.jpg 768w, https:\/\/panamacity.wordcamp.org\/2019\/files\/2019\/06\/utp-postgrado-450x300.jpg 450w\" sizes=\"auto, (max-width: 850px) 100vw, 850px\" \/>\r\n<figcaption>Foto Cortes\u00eda Universidad Tecnol\u00f3gica de Panam\u00e1<\/figcaption>\r\n<\/figure>\r\n\r\n\r\n\r\n<p>La Universidad Tecnol\u00f3gica de Panam\u00e1, tambi\u00e9n conocida como \u00abLa Tecnol\u00f3gica\u00bb es la <a href=\"http:\/\/www.utp.ac.pa\/la-utp-entra-en-el-top-50-de-universidades-generadoras-de-solicitudes-patentes-pct\">entidad acad\u00e9mica m\u00e1s galardonada del pa\u00eds<\/a>. Considerada una de las mejores escuelas de la regi\u00f3n en ingenier\u00eda y estudios afines, es el lugar perfecto para reunir desarrolladores, dise\u00f1adores, marketers, bloggers y todos los usuarios de WordPress de todos los niveles.<\/p>\r\n\r\n\r\n\r\n<p>La instituci\u00f3n fue fundada en el a\u00f1o 1981 previendo la gran demanda que las carreras de la ingenier\u00eda y las nuevas tecnolog\u00edas tendr\u00edan en las siguientes d\u00e9cadas. Nace de la Facultad de Ingenier\u00eda de la Universidad de Panam\u00e1, la cual se convierte en el Instituto Polit\u00e9cnico y de ah\u00ed la Universidad Tecnol\u00f3gica de Panam\u00e1.<\/p>\r\n\r\n\r\n\r\n<p id=\"ubicacionMapa\"><div class=\"googlemaps\">\n\t\t\t\t<iframe loading=\"lazy\" width=\"100\" height=\"450\" frameborder=\"0\" scrolling=\"no\" marginheight=\"0\" marginwidth=\"0\"  src=\"https:\/\/www.google.com\/maps\/embed?pb=!1m18!1m12!1m3!1d4023.2358522007453!2d-79.53359136629796!3d9.023662637850611!2m3!1f0!2f0!3f0!3m2!1i1024!2i768!4f13.1!3m3!1m2!1s0x8faca83beefa4541:0x66a3755d549585b5!2sTechnological%20University%20of%20Panama!5e0!3m2!1sen!2spa!4v1559781897516!5m2!1sen!2spa\"><\/iframe>\n\t\t\t<\/div><\/p>\r\n\r\n\r\n\r\n<p>El campus universitario cuenta con unas 60 hect\u00e1reas aleda\u00f1as a la Via Ricardo J. Alfaro. En ella se imparten 131 carreras en los diferentes niveles: 2 Doctorados, 40 Maestr\u00edas, 26 Postgrados, 1 Profesorado, 4 Especializaciones, 8 Diplomados, 14 Licenciaturas en Ingenier\u00eda, 14 Licenciaturas, 8 Licenciaturas en\u00a0<a href=\"https:\/\/es.wikipedia.org\/wiki\/Tecnolog%C3%ADa\">Tecnolog\u00eda<\/a>, y 14 carreras T\u00e9cnicas.<\/p>\r\n\r\n\r\n\r\n<p>Conoce m\u00e1s de la Tecnol\u00f3gica en <a href=\"http:\/\/www.utp.ac.pa\/\">UTP.ac.pa<\/a>.<\/p>\r\n","protected":false},"excerpt":{"rendered":"<p>La Universidad Tecnol\u00f3gica de Panam\u00e1, tambi\u00e9n conocida como \u00abLa Tecnol\u00f3gica\u00bb es la entidad acad\u00e9mica m\u00e1s galardonada del pa\u00eds. Considerada una de las mejores escuelas de la regi\u00f3n en ingenier\u00eda y estudios afines, es el lugar perfecto para reunir desarrolladores, dise\u00f1adores, &hellip; <a href=\"https:\/\/panamacity.wordcamp.org\/2019\/location\/\">Sigue leyendo <span class=\"assistive-text\">Universidad Tecnol\u00f3gica de Panam\u00e1<\/span>  <span class=\"meta-nav\">&rarr;<\/span><\/a><\/p>\n","protected":false},"author":16269090,"featured_media":0,"parent":0,"menu_order":0,"comment_status":"closed","ping_status":"closed","template":"","meta":{"jetpack_post_was_ever_published":false,"footnotes":""},"class_list":["post-11","page","type-page","status-publish","hentry"],"jetpack_sharing_enabled":true,"jetpack_shortlink":"https:\/\/wp.me\/PaIve4-b","_links":{"self":[{"href":"https:\/\/panamacity.wordcamp.org\/2019\/wp-json\/wp\/v2\/pages\/11","targetHints":{"allow":["GET"]}}],"collection":[{"href":"https:\/\/panamacity.wordcamp.org\/2019\/wp-json\/wp\/v2\/pages"}],"about":[{"href":"https:\/\/panamacity.wordcamp.org\/2019\/wp-json\/wp\/v2\/types\/page"}],"author":[{"embeddable":true,"href":"https:\/\/panamacity.wordcamp.org\/2019\/wp-json\/wp\/v2\/users\/16269090"}],"replies":[{"embeddable":true,"href":"https:\/\/panamacity.wordcamp.org\/2019\/wp-json\/wp\/v2\/comments?post=11"}],"version-history":[{"count":18,"href":"https:\/\/panamacity.wordcamp.org\/2019\/wp-json\/wp\/v2\/pages\/11\/revisions"}],"predecessor-version":[{"id":1827,"href":"https:\/\/panamacity.wordcamp.org\/2019\/wp-json\/wp\/v2\/pages\/11\/revisions\/1827"}],"wp:attachment":[{"href":"https:\/\/panamacity.wordcamp.org\/2019\/wp-json\/wp\/v2\/media?parent=11"}],"curies":[{"name":"wp","href":"https:\/\/api.w.org\/{rel}","templated":true}]}}